{"id":5004,"date":"2025-02-13T12:08:28","date_gmt":"2025-02-13T12:08:28","guid":{"rendered":"https:\/\/findjobinde.com\/?page_id=5004"},"modified":"2025-09-22T07:14:17","modified_gmt":"2025-09-22T07:14:17","slug":"apply-now","status":"publish","type":"page","link":"https:\/\/findjobinde.com\/de\/apply-now\/","title":{"rendered":"Jetzt bewerben"},"content":{"rendered":"<div data-elementor-type=\"wp-page\" data-elementor-id=\"5004\" class=\"elementor elementor-5004\" data-elementor-post-type=\"page\">\n\t\t\t\t<div class=\"elementor-element elementor-element-3fab61c7 e-flex e-con-boxed e-con e-child\" data-id=\"3fab61c7\" data-element_type=\"container\" data-settings=\"{&quot;background_background&quot;:&quot;classic&quot;}\">\n\t\t\t\t\t<div class=\"e-con-inner\">\n\t\t<div class=\"elementor-element elementor-element-f8b755b e-con-full e-flex e-con e-child\" data-id=\"f8b755b\" data-element_type=\"container\">\n\t\t<div class=\"elementor-element elementor-element-16f7ae2 e-con-full e-flex e-con e-child\" data-id=\"16f7ae2\" data-element_type=\"container\">\n\t\t\t\t<div class=\"elementor-element elementor-element-169437f elementor-widget__width-initial elementor-widget elementor-widget-image\" data-id=\"169437f\" data-element_type=\"widget\" data-widget_type=\"image.default\">\n\t\t\t\t\t\t\t\t\t\t\t\t\t\t\t\t<a href=\"\/de\/\">\n\t\t\t\t\t\t\t<img decoding=\"async\" width=\"400\" height=\"83\" src=\"https:\/\/findjobinde.com\/wp-content\/uploads\/2025\/03\/findjobinde-high-resolution-logo-transparent.png\" class=\"attachment-large size-large wp-image-14761\" alt=\"\" srcset=\"https:\/\/findjobinde.com\/wp-content\/uploads\/2025\/03\/findjobinde-high-resolution-logo-transparent.png 400w, https:\/\/findjobinde.com\/wp-content\/uploads\/2025\/03\/findjobinde-high-resolution-logo-transparent-300x62.png 300w, https:\/\/findjobinde.com\/wp-content\/uploads\/2025\/03\/findjobinde-high-resolution-logo-transparent-18x4.png 18w\" sizes=\"(max-width: 400px) 100vw, 400px\" \/>\t\t\t\t\t\t\t\t<\/a>\n\t\t\t\t\t\t\t\t\t\t\t\t\t\t\t<\/div>\n\t\t\t\t<\/div>\n\t\t<div class=\"elementor-element elementor-element-63469ec e-con-full e-flex e-con e-child\" data-id=\"63469ec\" data-element_type=\"container\">\n\t\t\t\t<div class=\"elementor-element elementor-element-833c0de elementor-widget elementor-widget-ekit-nav-menu\" data-id=\"833c0de\" data-element_type=\"widget\" data-widget_type=\"ekit-nav-menu.default\">\n\t\t\t\t<div class=\"elementor-widget-container\">\n\t\t\t\t\t\t\t<nav class=\"ekit-wid-con ekit_menu_responsive_tablet\" \n\t\t\tdata-hamburger-icon=\"\" \n\t\t\tdata-hamburger-icon-type=\"icon\" \n\t\t\tdata-responsive-breakpoint=\"1024\">\n\t\t\t            <button class=\"elementskit-menu-hamburger elementskit-menu-toggler\"  type=\"button\" aria-label=\"hamburger-icon\">\n                                    <span class=\"elementskit-menu-hamburger-icon\"><\/span><span class=\"elementskit-menu-hamburger-icon\"><\/span><span class=\"elementskit-menu-hamburger-icon\"><\/span>\n                            <\/button>\n            <div id=\"ekit-megamenu-eljob\" class=\"elementskit-menu-container elementskit-menu-offcanvas-elements elementskit-navbar-nav-default ekit-nav-menu-one-page-no ekit-nav-dropdown-hover\"><ul id=\"menu-eljob\" class=\"elementskit-navbar-nav elementskit-menu-po-center submenu-click-on-icon\"><li id=\"menu-item-14639\" class=\"menu-item menu-item-type-post_type menu-item-object-page menu-item-home menu-item-14639 nav-item elementskit-mobile-builder-content\" data-vertical-menu=\"750px\"><a href=\"https:\/\/findjobinde.com\/de\/\" class=\"ekit-menu-nav-link\">Startseite<\/a><\/li>\n<li id=\"menu-item-14640\" class=\"menu-item menu-item-type-post_type menu-item-object-page menu-item-14640 nav-item elementskit-mobile-builder-content\" data-vertical-menu=\"750px\"><a href=\"https:\/\/findjobinde.com\/de\/position\/\" class=\"ekit-menu-nav-link\">Position<\/a><\/li>\n<li id=\"menu-item-14641\" class=\"menu-item menu-item-type-custom menu-item-object-custom menu-item-14641 nav-item elementskit-mobile-builder-content\" data-vertical-menu=\"750px\"><a href=\"https:\/\/findjobinde.com\/de\/Home\/#faq\" class=\"ekit-menu-nav-link\">FAQ<\/a><\/li>\n<li id=\"menu-item-14642\" class=\"menu-item menu-item-type-custom menu-item-object-custom menu-item-14642 nav-item elementskit-mobile-builder-content\" data-vertical-menu=\"750px\"><a href=\"https:\/\/findjobinde.com\/de\/Home\/#testimonial\" class=\"ekit-menu-nav-link\">Zeugnis<\/a><\/li>\n<\/ul><div class=\"elementskit-nav-identity-panel\"><a class=\"elementskit-nav-logo\" href=\"https:\/\/findjobinde.com\/de\" target=\"\" rel=\"\"><img src=\"https:\/\/findjobinde.com\/wp-content\/uploads\/2025\/03\/findjobinde-high-resolution-logo-transparent-1.png\" title=\"findjobinde-hochaufl\u00f6send-logo-transparent (1)\" alt=\"findjobinde-high-resolution-logo-transparent (1)\" decoding=\"async\" \/><\/a><button class=\"elementskit-menu-close elementskit-menu-toggler\" type=\"button\">X<\/button><\/div><\/div>\t\t\t\n\t\t\t<div class=\"elementskit-menu-overlay elementskit-menu-offcanvas-elements elementskit-menu-toggler ekit-nav-menu--overlay\"><\/div>        <\/nav>\n\t\t\t\t\t\t<\/div>\n\t\t\t\t<\/div>\n\t\t\t\t<\/div>\n\t\t<div class=\"elementor-element elementor-element-e030f60 e-con-full e-flex e-con e-child\" data-id=\"e030f60\" data-element_type=\"container\">\n\t\t\t\t<div class=\"elementor-element elementor-element-c0180b4 elementor-tablet-align-center elementor-widget-tablet__width-inherit elementor-mobile-align-right elementor-widget elementor-widget-button\" data-id=\"c0180b4\" data-element_type=\"widget\" data-widget_type=\"button.default\">\n\t\t\t\t\t\t\t\t\t\t<a class=\"elementor-button elementor-button-link elementor-size-sm elementor-animation-float\" href=\"https:\/\/findjobinde.com\/de\/apply-now\/\">\n\t\t\t\t\t\t<span class=\"elementor-button-content-wrapper\">\n\t\t\t\t\t\t\t\t\t<span class=\"elementor-button-text\">Jetzt bewerben<\/span>\n\t\t\t\t\t<\/span>\n\t\t\t\t\t<\/a>\n\t\t\t\t\t\t\t\t<\/div>\n\t\t\t\t<\/div>\n\t\t\t\t<\/div>\n\t\t\t\t\t<\/div>\n\t\t\t\t<\/div>\n\t\t<div class=\"elementor-element elementor-element-55edacdc e-con-full e-flex e-con e-parent\" data-id=\"55edacdc\" data-element_type=\"container\" data-settings=\"{&quot;background_background&quot;:&quot;classic&quot;}\">\n\t\t<div class=\"elementor-element elementor-element-a621e67 e-flex e-con-boxed e-con e-child\" data-id=\"a621e67\" data-element_type=\"container\">\n\t\t\t\t\t<div class=\"e-con-inner\">\n\t\t\t\t<div class=\"elementor-element elementor-element-3aa7a6a elementor-widget elementor-widget-elementskit-heading\" data-id=\"3aa7a6a\" data-element_type=\"widget\" data-settings=\"{&quot;_animation&quot;:&quot;none&quot;,&quot;_animation_delay&quot;:200}\" data-widget_type=\"elementskit-heading.default\">\n\t\t\t\t\t<div class=\"ekit-wid-con\" ><div class=\"ekit-heading elementskit-section-title-wraper text_left   ekit_heading_tablet-   ekit_heading_mobile-\"><h1 class=\"ekit-heading--title elementskit-section-title text_fill\"><span><span>Jetzt bewerben<\/span><\/span><\/h1><\/div><\/div>\t\t\t\t<\/div>\n\t\t\t\t\t<\/div>\n\t\t\t\t<\/div>\n\t\t\t\t<\/div>\n\t\t<div class=\"elementor-element elementor-element-180ba6e e-flex e-con-boxed e-con e-parent\" data-id=\"180ba6e\" data-element_type=\"container\">\n\t\t\t\t\t<div class=\"e-con-inner\">\n\t\t<div class=\"elementor-element elementor-element-701e3689 e-con-full e-flex e-con e-child\" data-id=\"701e3689\" data-element_type=\"container\">\n\t\t\t\t<div class=\"elementor-element elementor-element-1f516b8 elementor-widget elementor-widget-html\" data-id=\"1f516b8\" data-element_type=\"widget\" data-widget_type=\"html.default\">\n\t\t\t\t\t<div style=\"max-width:600px;margin:0 auto;\">\n\t<iframe id=\"whatsappForm\" src=\"https:\/\/www.whatsformv2.com\/form\/display\/OCUwCqRR90BQ2d5pdC29HG16dHgxVXdIR0RqY0RlaEc4YTNwaGc9PQ==\" width=\"100%\" frameborder=\"0\" height=\"1058\"><\/iframe>\n\t\t\n\t<script>\n\t\t\/\/ Listen for messages from the iframe\n\t\twindow.addEventListener('message', function(event) {\n\t\t\tconst iframe = document.getElementById('whatsappForm');\n\t\t\t\n\t\t\tif (event.origin === 'https:\/\/www.whatsformv2.com' && event.data.iframeHeight) {\t\t\t\t\n\t\t\t\tiframe.style.height = event.data.iframeHeight + 'px';\n\t\t\t}\n\t\t});\n\t<\/script>\n\n\t<script>\n\t\tfunction isNumber(value) {\n\t\treturn typeof value === 'number';\n\t\t}\n\n\t\tfunction openLinkInNewTab(url) {\n\t\t\/\/ Create a temporary anchor element\n\t\tconst tempLink = document.createElement('a');\n\t\ttempLink.href = url; \/\/ Set the URL\n\t\ttempLink.target = '_blank'; \/\/ Set target to open in new tab\n\t\t\n\t\t\/\/ Append it to the body (not visible)\n\t\tdocument.body.appendChild(tempLink);\n\t\t\n\t\t\/\/ Programmatically click the link\n\t\ttempLink.click();\n\t\t\n\t\t\/\/ Remove the link from the document\n\t\tdocument.body.removeChild(tempLink);\n\t\t}\n\t\t\n\t\tconst childWindow = document.getElementById('whatsappForm').contentWindow; \n\t\twindow.addEventListener('message', message => { \n\t\tif (message.source !== childWindow) { \n\t\t\treturn; \/\/ Skip message in this event listener \n\t\t} \n\n\t\tvar isDesktop = () => {\n\t\t\treturn !(\/Android|webOS|iPhone|iPad|iPod|BlackBerry|IEMobile|Opera Mini\/i.test(navigator.userAgent));\n\t\t};\n\t\t\n\t\tif(message.data.type == \"rf-submitted\"){\n\t\t\tif (isDesktop()) {\n\t\t\tif(message.data.whatsapp != '' && isNumber(parseInt(message.data.whatsapp))) {\n\t\t\t\topenLinkInNewTab(message.data.redirect);\n\t\t\t}\n\n\t\t\twindow.parent.location.href = 'https:\/\/findjobinde.com\/de\/thank-you-page';\n\t\t\t} else {\n\t\t\t\/\/ openLinkInNewTab('<domain thank you page URL>');\n\t\t\t\/\/ Open WhatsApp\n\t\t\tif(message.data.whatsapp != '' && isNumber(parseInt(message.data.whatsapp))) {\n\t\t\t\twindow.parent.location.href = message.data.redirect;\n\n\t\t\t\t\/\/ Redirect to thank-you page after a delay\n\t\t\t\tsetTimeout(() => {\n\t\t\t\twindow.parent.location.href = 'https:\/\/findjobinde.com\/de\/thank-you-page';\n\t\t\t\t}, 3000); \/\/ Adjust time as necessary\n\t\t\t} else {\n\t\t\t\t\/\/ Redirect to thank-you page after a delay\n\t\t\t\tsetTimeout(() => {\n\t\t\t\twindow.parent.location.href = 'https:\/\/findjobinde.com\/de\/thank-you-page';\n\t\t\t\t}, 1000); \/\/ Adjust time as necessary\n\t\t\t}\n\t\t\t}                  \n\t\t} \n\t\t});\n\t<\/script>\n<\/div>\t\t\t\t<\/div>\n\t\t\t\t<\/div>\n\t\t\t\t\t<\/div>\n\t\t\t\t<\/div>\n\t\t<div class=\"elementor-element elementor-element-2f01c376 e-flex e-con-boxed e-con e-parent\" data-id=\"2f01c376\" data-element_type=\"container\" data-settings=\"{&quot;background_background&quot;:&quot;classic&quot;}\">\n\t\t\t\t\t<div class=\"e-con-inner\">\n\t\t<div class=\"elementor-element elementor-element-f151943 e-con-full e-flex e-con e-child\" data-id=\"f151943\" data-element_type=\"container\">\n\t\t<div class=\"elementor-element elementor-element-2d143bb e-con-full e-flex e-con e-child\" data-id=\"2d143bb\" data-element_type=\"container\">\n\t\t\t\t<div class=\"elementor-element elementor-element-a733a5c elementor-widget__width-initial elementor-widget elementor-widget-image\" data-id=\"a733a5c\" data-element_type=\"widget\" data-settings=\"{&quot;_animation&quot;:&quot;none&quot;}\" data-widget_type=\"image.default\">\n\t\t\t\t\t\t\t\t\t\t\t\t\t\t\t\t<a href=\"\/de\/\">\n\t\t\t\t\t\t\t<img decoding=\"async\" width=\"400\" height=\"83\" src=\"https:\/\/findjobinde.com\/wp-content\/uploads\/2025\/03\/findjobinde-high-resolution-logo-transparent.png\" class=\"attachment-large size-large wp-image-14761\" alt=\"\" srcset=\"https:\/\/findjobinde.com\/wp-content\/uploads\/2025\/03\/findjobinde-high-resolution-logo-transparent.png 400w, https:\/\/findjobinde.com\/wp-content\/uploads\/2025\/03\/findjobinde-high-resolution-logo-transparent-300x62.png 300w, https:\/\/findjobinde.com\/wp-content\/uploads\/2025\/03\/findjobinde-high-resolution-logo-transparent-18x4.png 18w\" sizes=\"(max-width: 400px) 100vw, 400px\" \/>\t\t\t\t\t\t\t\t<\/a>\n\t\t\t\t\t\t\t\t\t\t\t\t\t\t\t<\/div>\n\t\t\t\t<div class=\"elementor-element elementor-element-cd9e005 elementor-widget elementor-widget-text-editor\" data-id=\"cd9e005\" data-element_type=\"widget\" data-settings=\"{&quot;_animation&quot;:&quot;none&quot;}\" data-widget_type=\"text-editor.default\">\n\t\t\t\t\t\t\t\t\t<p>\u00dcber 100.000 Mitarbeiter haben sich uns angeschlossen. Wir bringen Talente in 18 L\u00e4ndern mit den richtigen Stellen zusammen und bieten Beratungsdienste f\u00fcr die Besetzung von Vollzeit  und Teilzeitstellen an.<\/p>\t\t\t\t\t\t\t\t<\/div>\n\t\t\t\t<\/div>\n\t\t<div class=\"elementor-element elementor-element-4286a88 e-con-full e-flex e-con e-child\" data-id=\"4286a88\" data-element_type=\"container\">\n\t\t\t\t<div class=\"elementor-element elementor-element-65d489d elementor-widget elementor-widget-heading\" data-id=\"65d489d\" data-element_type=\"widget\" data-settings=\"{&quot;_animation&quot;:&quot;none&quot;}\" data-widget_type=\"heading.default\">\n\t\t\t\t\t<h4 class=\"elementor-heading-title elementor-size-default\">Schnelle Links<\/h4>\t\t\t\t<\/div>\n\t\t\t\t<div class=\"elementor-element elementor-element-60a8182 elementor-icon-list--layout-traditional elementor-list-item-link-full_width elementor-widget elementor-widget-icon-list\" data-id=\"60a8182\" data-element_type=\"widget\" data-settings=\"{&quot;_animation&quot;:&quot;none&quot;}\" data-widget_type=\"icon-list.default\">\n\t\t\t\t\t\t\t<ul class=\"elementor-icon-list-items\">\n\t\t\t\t\t\t\t<li class=\"elementor-icon-list-item\">\n\t\t\t\t\t\t\t\t\t\t\t<a href=\"https:\/\/findjobinde.com\/de\/\">\n\n\t\t\t\t\t\t\t\t\t\t\t<span class=\"elementor-icon-list-text\">Startseite<\/span>\n\t\t\t\t\t\t\t\t\t\t\t<\/a>\n\t\t\t\t\t\t\t\t\t<\/li>\n\t\t\t\t\t\t\t\t<li class=\"elementor-icon-list-item\">\n\t\t\t\t\t\t\t\t\t\t\t<a href=\"https:\/\/findjobinde.com\/de\/position\/\">\n\n\t\t\t\t\t\t\t\t\t\t\t<span class=\"elementor-icon-list-text\">Position<\/span>\n\t\t\t\t\t\t\t\t\t\t\t<\/a>\n\t\t\t\t\t\t\t\t\t<\/li>\n\t\t\t\t\t\t\t\t<li class=\"elementor-icon-list-item\">\n\t\t\t\t\t\t\t\t\t\t\t<a href=\"https:\/\/findjobinde.com\/de\/home\/#faq\">\n\n\t\t\t\t\t\t\t\t\t\t\t<span class=\"elementor-icon-list-text\">FAQ<\/span>\n\t\t\t\t\t\t\t\t\t\t\t<\/a>\n\t\t\t\t\t\t\t\t\t<\/li>\n\t\t\t\t\t\t\t\t<li class=\"elementor-icon-list-item\">\n\t\t\t\t\t\t\t\t\t\t\t<a href=\"https:\/\/findjobinde.com\/de\/home\/#testimonial\">\n\n\t\t\t\t\t\t\t\t\t\t\t<span class=\"elementor-icon-list-text\">Zeugnis<\/span>\n\t\t\t\t\t\t\t\t\t\t\t<\/a>\n\t\t\t\t\t\t\t\t\t<\/li>\n\t\t\t\t\t\t\t\t<li class=\"elementor-icon-list-item\">\n\t\t\t\t\t\t\t\t\t\t\t<a href=\"https:\/\/findjobinde.com\/de\/terms\/\">\n\n\t\t\t\t\t\t\t\t\t\t\t<span class=\"elementor-icon-list-text\">Begriffe<\/span>\n\t\t\t\t\t\t\t\t\t\t\t<\/a>\n\t\t\t\t\t\t\t\t\t<\/li>\n\t\t\t\t\t\t\t\t<li class=\"elementor-icon-list-item\">\n\t\t\t\t\t\t\t\t\t\t\t<a href=\"https:\/\/findjobinde.com\/de\/privacy-policy\/\">\n\n\t\t\t\t\t\t\t\t\t\t\t<span class=\"elementor-icon-list-text\">Datenschutzbestimmungen<\/span>\n\t\t\t\t\t\t\t\t\t\t\t<\/a>\n\t\t\t\t\t\t\t\t\t<\/li>\n\t\t\t\t\t\t<\/ul>\n\t\t\t\t\t\t<\/div>\n\t\t\t\t<\/div>\n\t\t<div class=\"elementor-element elementor-element-00773d3 e-con-full e-flex e-con e-child\" data-id=\"00773d3\" data-element_type=\"container\">\n\t\t\t\t<div class=\"elementor-element elementor-element-c980bc6 elementor-vertical-align-top elementor-widget elementor-widget-icon-box\" data-id=\"c980bc6\" data-element_type=\"widget\" data-settings=\"{&quot;_animation&quot;:&quot;none&quot;}\" data-widget_type=\"icon-box.default\">\n\t\t\t\t\t\t\t<div class=\"elementor-icon-box-wrapper\">\n\n\t\t\t\n\t\t\t\t\t\t<div class=\"elementor-icon-box-content\">\n\n\t\t\t\t\t\t\t\t\t<h5 class=\"elementor-icon-box-title\">\n\t\t\t\t\t\t<span  >\n\t\t\t\t\t\t\tKontaktieren Sie uns\t\t\t\t\t\t<\/span>\n\t\t\t\t\t<\/h5>\n\t\t\t\t\n\t\t\t\t\n\t\t\t<\/div>\n\t\t\t\n\t\t<\/div>\n\t\t\t\t\t\t<\/div>\n\t\t\t\t<div class=\"elementor-element elementor-element-6467f26 elementor-icon-list--layout-traditional elementor-list-item-link-full_width elementor-widget elementor-widget-icon-list\" data-id=\"6467f26\" data-element_type=\"widget\" data-settings=\"{&quot;_animation&quot;:&quot;none&quot;}\" data-widget_type=\"icon-list.default\">\n\t\t\t\t\t\t\t<ul class=\"elementor-icon-list-items\">\n\t\t\t\t\t\t\t<li class=\"elementor-icon-list-item\">\n\t\t\t\t\t\t\t\t\t\t\t<span class=\"elementor-icon-list-icon\">\n\t\t\t\t\t\t\t<i aria-hidden=\"true\" class=\"icon icon-email1\"><\/i>\t\t\t\t\t\t<\/span>\n\t\t\t\t\t\t\t\t\t\t<span class=\"elementor-icon-list-text\">Support@findjobinde.com<\/span>\n\t\t\t\t\t\t\t\t\t<\/li>\n\t\t\t\t\t\t\t\t<li class=\"elementor-icon-list-item\">\n\t\t\t\t\t\t\t\t\t\t\t<span class=\"elementor-icon-list-icon\">\n\t\t\t\t\t\t\t<i aria-hidden=\"true\" class=\"icon icon-map-marker1\"><\/i>\t\t\t\t\t\t<\/span>\n\t\t\t\t\t\t\t\t\t\t<span class=\"elementor-icon-list-text\">Berlin - Deutsch <\/span>\n\t\t\t\t\t\t\t\t\t<\/li>\n\t\t\t\t\t\t<\/ul>\n\t\t\t\t\t\t<\/div>\n\t\t\t\t<\/div>\n\t\t\t\t<\/div>\n\t\t<div class=\"elementor-element elementor-element-639d88b e-con-full e-flex e-con e-child\" data-id=\"639d88b\" data-element_type=\"container\">\n\t\t<div class=\"elementor-element elementor-element-e1529da e-con-full e-flex e-con e-child\" data-id=\"e1529da\" data-element_type=\"container\">\n\t\t\t\t<div class=\"elementor-element elementor-element-0824451 elementor-widget elementor-widget-heading\" data-id=\"0824451\" data-element_type=\"widget\" data-widget_type=\"heading.default\">\n\t\t\t\t\t<span class=\"elementor-heading-title elementor-size-default\">Alle Rechte vorbehalten - Findjobinde SDN BHD<\/span>\t\t\t\t<\/div>\n\t\t\t\t<\/div>\n\t\t\t\t<\/div>\n\t\t\t\t\t<\/div>\n\t\t\t\t<\/div>\n\t\t\t\t<\/div>","protected":false},"excerpt":{"rendered":"<p>Home Position FAQ Erfahrungsbericht X Jetzt bewerben Jetzt bewerben \u00dcber 100.000 Mitarbeiter haben sich uns angeschlossen. Wir bringen Talente mit den richtigen Stellen in 18 L\u00e4ndern zusammen und bieten Beratungsdienste f\u00fcr die Besetzung von Vollzeit- und Teilzeitstellen. Quick Links Startseite Position FAQ Erfahrungsbericht Nutzungsbedingungen Datenschutz Kontakt Support@findjobinde.com Berlin - German Allright Reserved - Findjobinde SDN BHD<\/p>","protected":false},"author":1,"featured_media":0,"parent":0,"menu_order":0,"comment_status":"closed","ping_status":"closed","template":"","meta":{"footnotes":""},"class_list":["post-5004","page","type-page","status-publish","hentry"],"yoast_head":"<!-- This site is optimized with the Yoast SEO plugin v25.1 - https:\/\/yoast.com\/wordpress\/plugins\/seo\/ -->\n<title>Apply Now - Online Jobs &amp; Minijobs in Deutschland \u2013 Flexibel von zu Hause arbeiten<\/title>\n<meta name=\"robots\" content=\"index, follow, max-snippet:-1, max-image-preview:large, max-video-preview:-1\" \/>\n<link rel=\"canonical\" href=\"https:\/\/findjobinde.com\/de\/apply-now\/\" \/>\n<meta property=\"og:locale\" content=\"de_DE\" \/>\n<meta property=\"og:type\" content=\"article\" \/>\n<meta property=\"og:title\" content=\"Apply Now - Online Jobs &amp; Minijobs in Deutschland \u2013 Flexibel von zu Hause arbeiten\" \/>\n<meta property=\"og:description\" content=\"Home Position FAQ Testimonial X Apply Now Apply Now Over 100,000 employees have joined us. We match talent with the right positions across 18 countries, offering consulting services for both full-time and part-time staffing. Quick Links Home Position FAQ Testimonial Terms Privacy policy Contact Us Support@findjobinde.com Berlin &#8211; German Allright Reserved &#8211; Findjobinde SDN BHD\" \/>\n<meta property=\"og:url\" content=\"https:\/\/findjobinde.com\/de\/apply-now\/\" \/>\n<meta property=\"og:site_name\" content=\"Online Jobs &amp; Minijobs in Deutschland \u2013 Flexibel von zu Hause arbeiten\" \/>\n<meta property=\"article:modified_time\" content=\"2025-09-22T07:14:17+00:00\" \/>\n<meta property=\"og:image\" content=\"https:\/\/findjobinde.com\/wp-content\/uploads\/2025\/03\/findjobinde-high-resolution-logo-transparent.png\" \/>\n\t<meta property=\"og:image:width\" content=\"400\" \/>\n\t<meta property=\"og:image:height\" content=\"83\" \/>\n\t<meta property=\"og:image:type\" content=\"image\/png\" \/>\n<meta name=\"twitter:card\" content=\"summary_large_image\" \/>\n<meta name=\"twitter:label1\" content=\"Gesch\u00e4tzte Lesezeit\" \/>\n\t<meta name=\"twitter:data1\" content=\"1\u00a0Minute\" \/>\n<script type=\"application\/ld+json\" class=\"yoast-schema-graph\">{\"@context\":\"https:\/\/schema.org\",\"@graph\":[{\"@type\":\"WebPage\",\"@id\":\"https:\/\/findjobinde.com\/apply-now\/\",\"url\":\"https:\/\/findjobinde.com\/apply-now\/\",\"name\":\"Apply Now - Online Jobs &amp; Minijobs in Deutschland \u2013 Flexibel von zu Hause arbeiten\",\"isPartOf\":{\"@id\":\"https:\/\/findjobinde.com\/de\/#website\"},\"primaryImageOfPage\":{\"@id\":\"https:\/\/findjobinde.com\/apply-now\/#primaryimage\"},\"image\":{\"@id\":\"https:\/\/findjobinde.com\/apply-now\/#primaryimage\"},\"thumbnailUrl\":\"https:\/\/findjobinde.com\/wp-content\/uploads\/2025\/03\/findjobinde-high-resolution-logo-transparent.png\",\"datePublished\":\"2025-02-13T12:08:28+00:00\",\"dateModified\":\"2025-09-22T07:14:17+00:00\",\"breadcrumb\":{\"@id\":\"https:\/\/findjobinde.com\/apply-now\/#breadcrumb\"},\"inLanguage\":\"de\",\"potentialAction\":[{\"@type\":\"ReadAction\",\"target\":[\"https:\/\/findjobinde.com\/apply-now\/\"]}]},{\"@type\":\"ImageObject\",\"inLanguage\":\"de\",\"@id\":\"https:\/\/findjobinde.com\/apply-now\/#primaryimage\",\"url\":\"https:\/\/findjobinde.com\/wp-content\/uploads\/2025\/03\/findjobinde-high-resolution-logo-transparent.png\",\"contentUrl\":\"https:\/\/findjobinde.com\/wp-content\/uploads\/2025\/03\/findjobinde-high-resolution-logo-transparent.png\"},{\"@type\":\"BreadcrumbList\",\"@id\":\"https:\/\/findjobinde.com\/apply-now\/#breadcrumb\",\"itemListElement\":[{\"@type\":\"ListItem\",\"position\":1,\"name\":\"Home\",\"item\":\"https:\/\/findjobinde.com\/\"},{\"@type\":\"ListItem\",\"position\":2,\"name\":\"Apply Now\"}]},{\"@type\":\"WebSite\",\"@id\":\"https:\/\/findjobinde.com\/de\/#website\",\"url\":\"https:\/\/findjobinde.com\/de\/\",\"name\":\"Online Jobs &amp; Minijobs in Deutschland \u2013 Flexibel von zu Hause arbeiten\",\"description\":\"\",\"potentialAction\":[{\"@type\":\"SearchAction\",\"target\":{\"@type\":\"EntryPoint\",\"urlTemplate\":\"https:\/\/findjobinde.com\/de\/?s={search_term_string}\"},\"query-input\":{\"@type\":\"PropertyValueSpecification\",\"valueRequired\":true,\"valueName\":\"search_term_string\"}}],\"inLanguage\":\"de\"}]}<\/script>\n<!-- \/ Yoast SEO plugin. -->","yoast_head_json":{"title":"Apply Now - Online Jobs &amp; Minijobs in Deutschland \u2013 Flexibel von zu Hause arbeiten","robots":{"index":"index","follow":"follow","max-snippet":"max-snippet:-1","max-image-preview":"max-image-preview:large","max-video-preview":"max-video-preview:-1"},"canonical":"https:\/\/findjobinde.com\/de\/apply-now\/","og_locale":"de_DE","og_type":"article","og_title":"Apply Now - Online Jobs &amp; Minijobs in Deutschland \u2013 Flexibel von zu Hause arbeiten","og_description":"Home Position FAQ Testimonial X Apply Now Apply Now Over 100,000 employees have joined us. We match talent with the right positions across 18 countries, offering consulting services for both full-time and part-time staffing. Quick Links Home Position FAQ Testimonial Terms Privacy policy Contact Us Support@findjobinde.com Berlin &#8211; German Allright Reserved &#8211; Findjobinde SDN BHD","og_url":"https:\/\/findjobinde.com\/de\/apply-now\/","og_site_name":"Online Jobs &amp; Minijobs in Deutschland \u2013 Flexibel von zu Hause arbeiten","article_modified_time":"2025-09-22T07:14:17+00:00","og_image":[{"width":400,"height":83,"url":"https:\/\/findjobinde.com\/wp-content\/uploads\/2025\/03\/findjobinde-high-resolution-logo-transparent.png","type":"image\/png"}],"twitter_card":"summary_large_image","twitter_misc":{"Gesch\u00e4tzte Lesezeit":"1\u00a0Minute"},"schema":{"@context":"https:\/\/schema.org","@graph":[{"@type":"WebPage","@id":"https:\/\/findjobinde.com\/apply-now\/","url":"https:\/\/findjobinde.com\/apply-now\/","name":"Apply Now - Online Jobs &amp; Minijobs in Deutschland \u2013 Flexibel von zu Hause arbeiten","isPartOf":{"@id":"https:\/\/findjobinde.com\/de\/#website"},"primaryImageOfPage":{"@id":"https:\/\/findjobinde.com\/apply-now\/#primaryimage"},"image":{"@id":"https:\/\/findjobinde.com\/apply-now\/#primaryimage"},"thumbnailUrl":"https:\/\/findjobinde.com\/wp-content\/uploads\/2025\/03\/findjobinde-high-resolution-logo-transparent.png","datePublished":"2025-02-13T12:08:28+00:00","dateModified":"2025-09-22T07:14:17+00:00","breadcrumb":{"@id":"https:\/\/findjobinde.com\/apply-now\/#breadcrumb"},"inLanguage":"de","potentialAction":[{"@type":"ReadAction","target":["https:\/\/findjobinde.com\/apply-now\/"]}]},{"@type":"ImageObject","inLanguage":"de","@id":"https:\/\/findjobinde.com\/apply-now\/#primaryimage","url":"https:\/\/findjobinde.com\/wp-content\/uploads\/2025\/03\/findjobinde-high-resolution-logo-transparent.png","contentUrl":"https:\/\/findjobinde.com\/wp-content\/uploads\/2025\/03\/findjobinde-high-resolution-logo-transparent.png"},{"@type":"BreadcrumbList","@id":"https:\/\/findjobinde.com\/apply-now\/#breadcrumb","itemListElement":[{"@type":"ListItem","position":1,"name":"Home","item":"https:\/\/findjobinde.com\/"},{"@type":"ListItem","position":2,"name":"Apply Now"}]},{"@type":"WebSite","@id":"https:\/\/findjobinde.com\/de\/#website","url":"https:\/\/findjobinde.com\/de\/","name":"Online Jobs &amp; Minijobs in Deutschland \u2013 Flexibel von zu Hause arbeiten","description":"","potentialAction":[{"@type":"SearchAction","target":{"@type":"EntryPoint","urlTemplate":"https:\/\/findjobinde.com\/de\/?s={search_term_string}"},"query-input":{"@type":"PropertyValueSpecification","valueRequired":true,"valueName":"search_term_string"}}],"inLanguage":"de"}]}},"_links":{"self":[{"href":"https:\/\/findjobinde.com\/de\/wp-json\/wp\/v2\/pages\/5004","targetHints":{"allow":["GET"]}}],"collection":[{"href":"https:\/\/findjobinde.com\/de\/wp-json\/wp\/v2\/pages"}],"about":[{"href":"https:\/\/findjobinde.com\/de\/wp-json\/wp\/v2\/types\/page"}],"author":[{"embeddable":true,"href":"https:\/\/findjobinde.com\/de\/wp-json\/wp\/v2\/users\/1"}],"replies":[{"embeddable":true,"href":"https:\/\/findjobinde.com\/de\/wp-json\/wp\/v2\/comments?post=5004"}],"version-history":[{"count":0,"href":"https:\/\/findjobinde.com\/de\/wp-json\/wp\/v2\/pages\/5004\/revisions"}],"wp:attachment":[{"href":"https:\/\/findjobinde.com\/de\/wp-json\/wp\/v2\/media?parent=5004"}],"curies":[{"name":"wp","href":"https:\/\/api.w.org\/{rel}","templated":true}]}}